{"id":38,"date":"2024-03-18T22:55:45","date_gmt":"2024-03-19T01:55:45","guid":{"rendered":"https:\/\/juanlencioni.com\/?page_id=38"},"modified":"2024-03-19T11:48:41","modified_gmt":"2024-03-19T14:48:41","slug":"biografia","status":"publish","type":"page","link":"https:\/\/juanlencioni.com\/index.php\/biografia\/","title":{"rendered":"Biograf\u00eda"},"content":{"rendered":"\n<p><\/p>\n\n\n\n<div class=\"wp-block-uagb-container uagb-block-6h7mhajn alignfull uagb-is-root-container\"><div class=\"uagb-container-inner-blocks-wrap\">\n<div class=\"wp-block-uagb-container uagb-block-hlnyfvwz\">\n<div class=\"wp-block-uagb-container uagb-block-ciuy1hei\">\n<div class=\"wp-block-uagb-info-box uagb-block-scxsjkiy uagb-infobox__content-wrap  uagb-infobox-icon-above-title uagb-infobox-image-valign-top\"><div class=\"uagb-ifb-content\"><div class=\"uagb-ifb-title-wrap\"><h2 class=\"uagb-ifb-title\">Mis primeros a\u00f1os<\/h2><\/div><p class=\"uagb-ifb-desc\">Nac\u00ed en una familia de clase media acomodada. Mi pap\u00e1 fue un comerciante, vendedor de repuestos de automotor. Mi mam\u00e1 es ama de casa, cuidadosa y siempre presente en mi crecimiento y aprendizaje.\u00a0<br><br>De ni\u00f1o fui bastante extrovertido y sociable, crec\u00ed entre adultos y me gustaba hablar con personas de diferentes edades. R\u00e1pidamente establec\u00eda contacto con las personas que me prestaban atenci\u00f3n. Como me gustaba cantar me inscrib\u00ed en el coro de ni\u00f1os de mi ciudad, una de las experiencias m\u00e1s lindas de mi infancia.<br><br>Aprend\u00ed ingl\u00e9s y franc\u00e9s desde los 10 a\u00f1os porque entend\u00eda que era la manera m\u00e1s concreta para  poder conocer el mundo.<br><\/p><\/div><\/div>\n<\/div>\n\n\n\n<div class=\"wp-block-uagb-container uagb-block-e1lxh0wo\">\n<div class=\"wp-block-uagb-image alignleft uagb-block-yd9rkilw wp-block-uagb-image--layout-default wp-block-uagb-image--effect-static wp-block-uagb-image--align-left\"><figure class=\"wp-block-uagb-image__figure\"><img decoding=\"async\" srcset=\"https:\/\/juanlencioni.com\/wp-content\/uploads\/2024\/03\/Fotos-Juan-037-1.jpg ,https:\/\/juanlencioni.com\/wp-content\/uploads\/2024\/03\/Fotos-Juan-037-1.jpg 780w, https:\/\/juanlencioni.com\/wp-content\/uploads\/2024\/03\/Fotos-Juan-037-1.jpg 360w\" sizes=\"auto, (max-width: 480px) 150px\" src=\"https:\/\/juanlencioni.com\/wp-content\/uploads\/2024\/03\/Fotos-Juan-037-1.jpg\" alt=\"\" class=\"uag-image-113\" width=\"564\" height=\"376\" title=\"Fotos Juan 037\" loading=\"lazy\" role=\"img\"\/><\/figure><\/div>\n\n\n\n<div class=\"wp-block-uagb-info-box uagb-block-j7igvoka uagb-infobox__content-wrap  uagb-infobox-icon-above-title uagb-infobox-image-valign-top\"><div class=\"uagb-ifb-content\"><div class=\"uagb-ifb-title-wrap\"><h5 class=\"uagb-ifb-title\"><br>Ayuda a los m\u00e1s necesitados<\/h5><\/div><p class=\"uagb-ifb-desc\">En los a\u00f1os de adolescencia integr\u00e9 la <a href=\"https:\/\/www.santegidio.org\/\" target=\"_blank\" rel=\"noopener\" title=\"Comunit\u00e1 di Sant'Egidio\">Comunit\u00e1 di Sant&#8217;Egidio<\/a>, una agrupaci\u00f3n de laicos de la Iglesia Cat\u00f3lica. Durante 10 a\u00f1os brindamos apoyo escolar para ni\u00f1os en situaci\u00f3n de vulnerabilidad y visitamos a ancianos internados en asilos.<br><br>En ese espacio aprend\u00ed valores como el di\u00e1logo y la escucha atenta a la vida de otras personas. Aprend\u00ed el importante valor de la amistad y la ayuda desinteresada. <br><br>Tuve la oportunidad de conocer personalmente al Papa Juan Pablo II y a muchas personas de distintas partes del mundo. Estoy muy agradecido porque esto ampli\u00f3 mi visi\u00f3n del mundo en muchos aspectos. <br><br><\/p><\/div><\/div>\n<\/div>\n<\/div>\n\n\n\n<div class=\"wp-block-uagb-container uagb-block-3x7bbp9z\">\n<div class=\"wp-block-uagb-container uagb-block-bjlled7x\">\n<div class=\"wp-block-uagb-image alignleft uagb-block-6p4kakms wp-block-uagb-image--layout-default wp-block-uagb-image--effect-static wp-block-uagb-image--align-left\"><figure class=\"wp-block-uagb-image__figure\"><img decoding=\"async\" srcset=\"https:\/\/juanlencioni.com\/wp-content\/uploads\/2024\/03\/Juan-con-Juan-Pablo-II.jpg ,https:\/\/juanlencioni.com\/wp-content\/uploads\/2024\/03\/Juan-con-Juan-Pablo-II.jpg 780w, https:\/\/juanlencioni.com\/wp-content\/uploads\/2024\/03\/Juan-con-Juan-Pablo-II.jpg 360w\" sizes=\"auto, (max-width: 480px) 150px\" src=\"https:\/\/juanlencioni.com\/wp-content\/uploads\/2024\/03\/Juan-con-Juan-Pablo-II.jpg\" alt=\"\" class=\"uag-image-191\" width=\"564\" height=\"376\" title=\"Juan con Juan Pablo II\" loading=\"lazy\" role=\"img\"\/><\/figure><\/div>\n\n\n\n<div class=\"wp-block-uagb-info-box uagb-block-pcgzy0s9 uagb-infobox__content-wrap  uagb-infobox-icon-above-title uagb-infobox-image-valign-top\"><div class=\"uagb-ifb-content\"><div class=\"uagb-ifb-title-wrap\"><h5 class=\"uagb-ifb-title\"><br><br><br><br><br>Estudios y  desempe\u00f1o laboral<br><\/h5><\/div><p class=\"uagb-ifb-desc\">Estudi\u00e9 la carrera de Comunicaci\u00f3n Social en la <a href=\"https:\/\/www.uncuyo.edu.ar\/\" target=\"_blank\" rel=\"noopener\" title=\"Universidad Nacional de Cuyo\">Universidad Nacional de Cuyo<\/a>, con algunos traspi\u00e9s que demoraron el final de la etapa universitaria.  trabaj\u00e9 en varios medios de comunicaci\u00f3n como redactor y productor period\u00edstico.<br><br>Sin dudas el conocer idiomas ha sido determinante para organizar los viajes con autonom\u00eda y libertad, sin depender de gu\u00edas o recorridos preestablecidos.<br><br>Me gustan las finanzas personales porque considero que es tan importante el ganar dinero como el saber administrarlo. Tom\u00e9 cursos sobre finanzas e inversiones de largo plazo. Tambi\u00e9n aprend\u00ed a desarrollar p\u00e1ginas web e hice cursos de marketing digital.<br><br><br><\/p><\/div><\/div>\n<\/div>\n\n\n\n<div class=\"wp-block-uagb-container uagb-block-rsafznxu\">\n<div class=\"wp-block-uagb-image alignleft uagb-block-fwxwa0jp wp-block-uagb-image--layout-default wp-block-uagb-image--effect-static wp-block-uagb-image--align-left\"><figure class=\"wp-block-uagb-image__figure\"><img decoding=\"async\" srcset=\"https:\/\/juanlencioni.com\/wp-content\/uploads\/2024\/03\/Imagen-de-WhatsApp-2024-03-19-a-las-11.24.44_d362eaab.jpg ,https:\/\/juanlencioni.com\/wp-content\/uploads\/2024\/03\/Imagen-de-WhatsApp-2024-03-19-a-las-11.24.44_d362eaab.jpg 780w, https:\/\/juanlencioni.com\/wp-content\/uploads\/2024\/03\/Imagen-de-WhatsApp-2024-03-19-a-las-11.24.44_d362eaab.jpg 360w\" sizes=\"auto, (max-width: 480px) 150px\" src=\"https:\/\/juanlencioni.com\/wp-content\/uploads\/2024\/03\/Imagen-de-WhatsApp-2024-03-19-a-las-11.24.44_d362eaab.jpg\" alt=\"\" class=\"uag-image-197\" width=\"564\" height=\"376\" title=\"Imagen de WhatsApp 2024-03-19 a las 11.24.44_d362eaab\" loading=\"lazy\" role=\"img\"\/><\/figure><\/div>\n\n\n\n<div class=\"wp-block-uagb-info-box uagb-block-o0j4hc1i uagb-infobox__content-wrap  uagb-infobox-icon-above-title uagb-infobox-image-valign-top\"><div class=\"uagb-ifb-content\"><div class=\"uagb-ifb-title-wrap\"><h5 class=\"uagb-ifb-title\"><br><br>Qu\u00e9 hago en mi tiempo libre<\/h5><\/div><p class=\"uagb-ifb-desc\">Me gusta navegar, me gusta la monta\u00f1a y el contacto con la naturaleza. Disfruto hacerlo en grupo y de las reuniones que se generan por fuera de la pr\u00e1ctica deportiva. Gracias al curso de navegaci\u00f3n a vela obtuve mi licencia de timonel y quiero seguir aprendiendo.<br><br>Me considero una persona curiosa, autodidacta y bien dispuesto para encarar nuevos proyectos. En los \u00faltimos a\u00f1os estoy en la b\u00fasqueda de una actividad que me permita aplicar los idiomas y los cursos que he realizado.<\/p><\/div><\/div>\n<\/div>\n<\/div>\n<\/div><\/div>\n","protected":false},"excerpt":{"rendered":"","protected":false},"author":1,"featured_media":0,"parent":0,"menu_order":0,"comment_status":"closed","ping_status":"closed","template":"","meta":{"_uag_custom_page_level_css":"","_monsterinsights_skip_tracking":false,"_monsterinsights_sitenote_active":false,"_monsterinsights_sitenote_note":"","_monsterinsights_sitenote_category":0,"site-sidebar-layout":"default","site-content-layout":"","ast-site-content-layout":"","site-content-style":"default","site-sidebar-style":"default","ast-global-header-display":"","ast-banner-title-visibility":"","ast-main-header-display":"","ast-hfb-above-header-display":"","ast-hfb-below-header-display":"","ast-hfb-mobile-header-display":"","site-post-title":"","ast-breadcrumbs-content":"","ast-featured-img":"","footer-sml-layout":"","theme-transparent-header-meta":"","adv-header-id-meta":"","stick-header-meta":"","header-above-stick-meta":"","header-main-stick-meta":"","header-below-stick-meta":"","astra-migrate-meta-layouts":"default","ast-page-background-enabled":"default","ast-page-background-meta":{"desktop":{"background-color":"var(--ast-global-color-4)","background-image":"","background-repeat":"repeat","background-position":"center center","background-size":"auto","background-attachment":"scroll","background-type":"","background-media":"","overlay-type":"","overlay-color":"","overlay-gradient":""},"tablet":{"background-color":"","background-image":"","background-repeat":"repeat","background-position":"center center","background-size":"auto","background-attachment":"scroll","background-type":"","background-media":"","overlay-type":"","overlay-color":"","overlay-gradient":""},"mobile":{"background-color":"","background-image":"","background-repeat":"repeat","background-position":"center center","background-size":"auto","background-attachment":"scroll","background-type":"","background-media":"","overlay-type":"","overlay-color":"","overlay-gradient":""}},"ast-content-background-meta":{"desktop":{"background-color":"var(--ast-global-color-5)","background-image":"","background-repeat":"repeat","background-position":"center center","background-size":"auto","background-attachment":"scroll","background-type":"","background-media":"","overlay-type":"","overlay-color":"","overlay-gradient":""},"tablet":{"background-color":"var(--ast-global-color-5)","background-image":"","background-repeat":"repeat","background-position":"center center","background-size":"auto","background-attachment":"scroll","background-type":"","background-media":"","overlay-type":"","overlay-color":"","overlay-gradient":""},"mobile":{"background-color":"var(--ast-global-color-5)","background-image":"","background-repeat":"repeat","background-position":"center center","background-size":"auto","background-attachment":"scroll","background-type":"","background-media":"","overlay-type":"","overlay-color":"","overlay-gradient":""}},"footnotes":""},"class_list":["post-38","page","type-page","status-publish","hentry"],"aioseo_notices":[],"uagb_featured_image_src":{"full":false,"thumbnail":false,"medium":false,"medium_large":false,"large":false,"1536x1536":false,"2048x2048":false},"uagb_author_info":{"display_name":"juanlencioni.com","author_link":"https:\/\/juanlencioni.com\/index.php\/author\/juanlencioni-com\/"},"uagb_comment_info":0,"uagb_excerpt":null,"_links":{"self":[{"href":"https:\/\/juanlencioni.com\/index.php\/wp-json\/wp\/v2\/pages\/38","targetHints":{"allow":["GET"]}}],"collection":[{"href":"https:\/\/juanlencioni.com\/index.php\/wp-json\/wp\/v2\/pages"}],"about":[{"href":"https:\/\/juanlencioni.com\/index.php\/wp-json\/wp\/v2\/types\/page"}],"author":[{"embeddable":true,"href":"https:\/\/juanlencioni.com\/index.php\/wp-json\/wp\/v2\/users\/1"}],"replies":[{"embeddable":true,"href":"https:\/\/juanlencioni.com\/index.php\/wp-json\/wp\/v2\/comments?post=38"}],"version-history":[{"count":14,"href":"https:\/\/juanlencioni.com\/index.php\/wp-json\/wp\/v2\/pages\/38\/revisions"}],"predecessor-version":[{"id":204,"href":"https:\/\/juanlencioni.com\/index.php\/wp-json\/wp\/v2\/pages\/38\/revisions\/204"}],"wp:attachment":[{"href":"https:\/\/juanlencioni.com\/index.php\/wp-json\/wp\/v2\/media?parent=38"}],"curies":[{"name":"wp","href":"https:\/\/api.w.org\/{rel}","templated":true}]}}