{"id":34,"date":"2024-03-18T22:53:19","date_gmt":"2024-03-19T01:53:19","guid":{"rendered":"https:\/\/juanlencioni.com\/?page_id=34"},"modified":"2024-03-20T15:27:52","modified_gmt":"2024-03-20T18:27:52","slug":"inicio","status":"publish","type":"page","link":"https:\/\/juanlencioni.com\/","title":{"rendered":"Inicio"},"content":{"rendered":"\n<div class=\"wp-block-uagb-container uagb-block-ja0ple6n alignfull uagb-is-root-container\"><div class=\"uagb-container-inner-blocks-wrap\">\n<div data-aos= \"slide-right\" data-aos-duration=\"400\" data-aos-delay=\"0\" data-aos-easing=\"ease\" data-aos-once=\"true\" class=\"wp-block-uagb-info-box uagb-block-0nip3h3k uagb-infobox__content-wrap  uagb-infobox-icon-above-title uagb-infobox-image-valign-top\"><div class=\"uagb-ifb-content\"><div class=\"uagb-ifb-title-wrap\"><h1 class=\"uagb-ifb-title\">Pensemos juntos&#8230;<\/h1><\/div><p class=\"uagb-ifb-desc\"> Vivimos en el mejor momento para construir el mundo que deseamos y lo podemos hacer desde nuestros valores, conocimientos y acciones.<\/p><\/div><\/div>\n<\/div><\/div>\n\n\n\n<div class=\"wp-block-uagb-container uagb-block-a88gpubj alignfull uagb-is-root-container\"><div class=\"uagb-container-inner-blocks-wrap\">\n<div class=\"wp-block-uagb-info-box uagb-block-nosswy35 uagb-infobox__content-wrap  uagb-infobox-icon-above-title uagb-infobox-image-valign-top\"><div class=\"uagb-ifb-content\"><div class=\"uagb-ifb-title-wrap\"><h2 class=\"uagb-ifb-title\">Porque la vida tiene muchas facetas<\/h2><\/div><p class=\"uagb-ifb-desc\">Siempre hay posibilidades para reinventarnos y aportar valor a nuestro entorno<\/p><\/div><\/div>\n\n\n\n<div class=\"wp-block-uagb-container uagb-block-felnlnig\">\n<div class=\"wp-block-uagb-container uagb-block-6kxijdzq\">\n<div class=\"wp-block-uagb-image alignleft uagb-block-6vqcgtgc wp-block-uagb-image--layout-default wp-block-uagb-image--effect-static wp-block-uagb-image--align-left\"><figure class=\"wp-block-uagb-image__figure\"><img decoding=\"async\" srcset=\"https:\/\/juanlencioni.com\/wp-content\/uploads\/2024\/03\/DSC_0164.jpg ,https:\/\/juanlencioni.com\/wp-content\/uploads\/2024\/03\/DSC_0164.jpg 780w, https:\/\/juanlencioni.com\/wp-content\/uploads\/2024\/03\/DSC_0164.jpg 360w\" sizes=\"auto, (max-width: 480px) 150px\" src=\"https:\/\/juanlencioni.com\/wp-content\/uploads\/2024\/03\/DSC_0164.jpg\" alt=\"\" class=\"uag-image-85\" width=\"352\" height=\"260\" title=\"DSC_0164\" loading=\"lazy\" role=\"img\"\/><\/figure><\/div>\n\n\n\n<div class=\"wp-block-uagb-info-box uagb-block-gmxb13zj uagb-infobox__content-wrap  uagb-infobox-icon-above-title uagb-infobox-image-valign-top\"><div class=\"uagb-ifb-content\"><div class=\"uagb-ifb-title-wrap\"><h5 class=\"uagb-ifb-title\">Viajes<\/h5><\/div><p class=\"uagb-ifb-desc\">Me interesa conocer nuevas culturas, disfrutar del trayecto y compartirlo con amigos. Los viajes se viven en tres etapas: cuando los planificamos, cuando los hacemos y cuando los recordamos.<\/p><\/div><\/div>\n\n\n\n<div class=\"wp-block-uagb-buttons uagb-buttons__outer-wrap uagb-btn__default-btn uagb-btn-tablet__default-btn uagb-btn-mobile__default-btn uagb-block-4pcfll6m\"><div class=\"uagb-buttons__wrap uagb-buttons-layout-wrap\">\n<div class=\"wp-block-uagb-buttons-child uagb-buttons__outer-wrap uagb-block-10zjl66p wp-block-button\"><div class=\"uagb-button__wrapper\"><a class=\"uagb-buttons-repeater wp-block-button__link\" aria-label=\"\" href=\"https:\/\/juanlencioni.com\/index.php\/category\/blog\/viajes\/\" rel=\"follow noopener\" target=\"_self\"><div class=\"uagb-button__link\">M\u00e1s informaci\u00f3n<\/div><span class=\"uagb-button__icon uagb-button__icon-position-after\"><svg xmlns=\"https:\/\/www.w3.org\/2000\/svg\" viewBox=\"0 0 320 512\" aria-hidden=\"true\" focussable=\"false\"><path d=\"M96 480c-8.188 0-16.38-3.125-22.62-9.375c-12.5-12.5-12.5-32.75 0-45.25L242.8 256L73.38 86.63c-12.5-12.5-12.5-32.75 0-45.25s32.75-12.5 45.25 0l192 192c12.5 12.5 12.5 32.75 0 45.25l-192 192C112.4 476.9 104.2 480 96 480z\"><\/path><\/svg><\/span><\/a><\/div><\/div>\n<\/div><\/div>\n<\/div>\n\n\n\n<div class=\"wp-block-uagb-container uagb-block-gmcurgv4\">\n<div class=\"wp-block-uagb-image alignleft uagb-block-gp4nzqos wp-block-uagb-image--layout-default wp-block-uagb-image--effect-static wp-block-uagb-image--align-left\"><figure class=\"wp-block-uagb-image__figure\"><img decoding=\"async\" srcset=\"https:\/\/juanlencioni.com\/wp-content\/uploads\/2024\/03\/31906999_1937670586244476_1237684775842480128_n.jpg ,https:\/\/juanlencioni.com\/wp-content\/uploads\/2024\/03\/31906999_1937670586244476_1237684775842480128_n.jpg 780w, https:\/\/juanlencioni.com\/wp-content\/uploads\/2024\/03\/31906999_1937670586244476_1237684775842480128_n.jpg 360w\" sizes=\"auto, (max-width: 480px) 150px\" src=\"https:\/\/juanlencioni.com\/wp-content\/uploads\/2024\/03\/31906999_1937670586244476_1237684775842480128_n.jpg\" alt=\"\" class=\"uag-image-88\" width=\"352\" height=\"260\" title=\"31906999_1937670586244476_1237684775842480128_n\" loading=\"lazy\" role=\"img\"\/><\/figure><\/div>\n\n\n\n<div class=\"wp-block-uagb-info-box uagb-block-fk5vexen uagb-infobox__content-wrap  uagb-infobox-icon-above-title uagb-infobox-image-valign-top\"><div class=\"uagb-ifb-content\"><div class=\"uagb-ifb-title-wrap\"><h5 class=\"uagb-ifb-title\">Comunicaci\u00f3n y Medios<\/h5><\/div><p class=\"uagb-ifb-desc\">Como licenciado en Comunicaci\u00f3n Social trabaj\u00e9 en varios medios de comunicaci\u00f3n como periodista y productor. Tambi\u00e9n en tareas auditor\u00edas de medios.<\/p><\/div><\/div>\n\n\n\n<div class=\"wp-block-uagb-buttons uagb-buttons__outer-wrap uagb-btn__default-btn uagb-btn-tablet__default-btn uagb-btn-mobile__default-btn uagb-block-oudnpawz\"><div class=\"uagb-buttons__wrap uagb-buttons-layout-wrap\">\n<div class=\"wp-block-uagb-buttons-child uagb-buttons__outer-wrap uagb-block-cilus9sh wp-block-button\"><div class=\"uagb-button__wrapper\"><a class=\"uagb-buttons-repeater wp-block-button__link\" aria-label=\"\" href=\"https:\/\/juanlencioni.com\/index.php\/category\/blog\/comunicacion\/\" rel=\"follow noopener\" target=\"_self\"><div class=\"uagb-button__link\">M\u00e1s informaci\u00f3n<\/div><span class=\"uagb-button__icon uagb-button__icon-position-after\"><svg xmlns=\"https:\/\/www.w3.org\/2000\/svg\" viewBox=\"0 0 320 512\" aria-hidden=\"true\" focussable=\"false\"><path d=\"M96 480c-8.188 0-16.38-3.125-22.62-9.375c-12.5-12.5-12.5-32.75 0-45.25L242.8 256L73.38 86.63c-12.5-12.5-12.5-32.75 0-45.25s32.75-12.5 45.25 0l192 192c12.5 12.5 12.5 32.75 0 45.25l-192 192C112.4 476.9 104.2 480 96 480z\"><\/path><\/svg><\/span><\/a><\/div><\/div>\n<\/div><\/div>\n<\/div>\n\n\n\n<div class=\"wp-block-uagb-container uagb-block-j0vy7osy\">\n<div class=\"wp-block-uagb-image alignleft uagb-block-ldjtwryw wp-block-uagb-image--layout-default wp-block-uagb-image--effect-static wp-block-uagb-image--align-left\"><figure class=\"wp-block-uagb-image__figure\"><img decoding=\"async\" srcset=\"https:\/\/juanlencioni.com\/wp-content\/uploads\/2024\/03\/hombre-hacker-laptop-1.jpg ,https:\/\/juanlencioni.com\/wp-content\/uploads\/2024\/03\/hombre-hacker-laptop-1.jpg 780w, https:\/\/juanlencioni.com\/wp-content\/uploads\/2024\/03\/hombre-hacker-laptop-1.jpg 360w\" sizes=\"auto, (max-width: 480px) 150px\" src=\"https:\/\/juanlencioni.com\/wp-content\/uploads\/2024\/03\/hombre-hacker-laptop-1.jpg\" alt=\"\" class=\"uag-image-255\" width=\"352\" height=\"260\" title=\"Hacker\" loading=\"lazy\" role=\"img\"\/><\/figure><\/div>\n\n\n\n<div class=\"wp-block-uagb-info-box uagb-block-tczgjjfx uagb-infobox__content-wrap  uagb-infobox-icon-above-title uagb-infobox-image-valign-top\"><div class=\"uagb-ifb-content\"><div class=\"uagb-ifb-title-wrap\"><h5 class=\"uagb-ifb-title\">Redes sociales<\/h5><\/div><p class=\"uagb-ifb-desc\">El Marketing Digital es una de las principales herramientas para destacarnos en la era de Internet. Me interesa aprender los conceptos b\u00e1sicos para participar en el debate actual.<\/p><\/div><\/div>\n\n\n\n<div class=\"wp-block-uagb-buttons uagb-buttons__outer-wrap uagb-btn__default-btn uagb-btn-tablet__default-btn uagb-btn-mobile__default-btn uagb-block-zxnfhixw\"><div class=\"uagb-buttons__wrap uagb-buttons-layout-wrap\">\n<div class=\"wp-block-uagb-buttons-child uagb-buttons__outer-wrap uagb-block-xwkyiqdj wp-block-button\"><div class=\"uagb-button__wrapper\"><a class=\"uagb-buttons-repeater wp-block-button__link\" aria-label=\"\" href=\"https:\/\/juanlencioni.com\/index.php\/category\/blog\/marketing\/\" rel=\"follow noopener\" target=\"_self\"><div class=\"uagb-button__link\">M\u00e1s informaci\u00f3n<\/div><span class=\"uagb-button__icon uagb-button__icon-position-after\"><svg xmlns=\"https:\/\/www.w3.org\/2000\/svg\" viewBox=\"0 0 320 512\" aria-hidden=\"true\" focussable=\"false\"><path d=\"M96 480c-8.188 0-16.38-3.125-22.62-9.375c-12.5-12.5-12.5-32.75 0-45.25L242.8 256L73.38 86.63c-12.5-12.5-12.5-32.75 0-45.25s32.75-12.5 45.25 0l192 192c12.5 12.5 12.5 32.75 0 45.25l-192 192C112.4 476.9 104.2 480 96 480z\"><\/path><\/svg><\/span><\/a><\/div><\/div>\n<\/div><\/div>\n<\/div>\n<\/div>\n\n\n\n<div class=\"wp-block-uagb-container uagb-block-ghcsp7kg\">\n<div class=\"wp-block-uagb-container uagb-block-ajjskvtz\">\n<div class=\"wp-block-uagb-image alignleft uagb-block-vo4ko3q7 wp-block-uagb-image--layout-default wp-block-uagb-image--effect-static wp-block-uagb-image--align-left\"><figure class=\"wp-block-uagb-image__figure\"><img decoding=\"async\" srcset=\"https:\/\/juanlencioni.com\/wp-content\/uploads\/2024\/03\/libertad-financiera.jpg ,https:\/\/juanlencioni.com\/wp-content\/uploads\/2024\/03\/libertad-financiera.jpg 780w, https:\/\/juanlencioni.com\/wp-content\/uploads\/2024\/03\/libertad-financiera.jpg 360w\" sizes=\"auto, (max-width: 480px) 150px\" src=\"https:\/\/juanlencioni.com\/wp-content\/uploads\/2024\/03\/libertad-financiera.jpg\" alt=\"\" class=\"uag-image-91\" width=\"352\" height=\"260\" title=\"libertad-financiera\" loading=\"lazy\" role=\"img\"\/><\/figure><\/div>\n\n\n\n<div class=\"wp-block-uagb-info-box uagb-block-xjabbl3t uagb-infobox__content-wrap  uagb-infobox-icon-above-title uagb-infobox-image-valign-top\"><div class=\"uagb-ifb-content\"><div class=\"uagb-ifb-title-wrap\"><h5 class=\"uagb-ifb-title\">Blockchain y criptomonedas<\/h5><\/div><p class=\"uagb-ifb-desc\">Creo que es una tecnolog\u00eda con la potencialidad para cambiar las sociedad como la conocemos. La web 3.0 tiene viene a replantear la manera en la que nos organizamos y hacemos negocios.<\/p><\/div><\/div>\n\n\n\n<div class=\"wp-block-uagb-buttons uagb-buttons__outer-wrap uagb-btn__default-btn uagb-btn-tablet__default-btn uagb-btn-mobile__default-btn uagb-block-mcamskvj\"><div class=\"uagb-buttons__wrap uagb-buttons-layout-wrap\">\n<div class=\"wp-block-uagb-buttons-child uagb-buttons__outer-wrap uagb-block-ugpo4eh1 wp-block-button\"><div class=\"uagb-button__wrapper\"><a class=\"uagb-buttons-repeater wp-block-button__link\" aria-label=\"\" href=\"https:\/\/juanlencioni.com\/index.php\/category\/blog\/blockchain\/\" rel=\"follow noopener\" target=\"_self\"><div class=\"uagb-button__link\">M\u00e1s informaci\u00f3n<\/div><span class=\"uagb-button__icon uagb-button__icon-position-after\"><svg xmlns=\"https:\/\/www.w3.org\/2000\/svg\" viewBox=\"0 0 320 512\" aria-hidden=\"true\" focussable=\"false\"><path d=\"M96 480c-8.188 0-16.38-3.125-22.62-9.375c-12.5-12.5-12.5-32.75 0-45.25L242.8 256L73.38 86.63c-12.5-12.5-12.5-32.75 0-45.25s32.75-12.5 45.25 0l192 192c12.5 12.5 12.5 32.75 0 45.25l-192 192C112.4 476.9 104.2 480 96 480z\"><\/path><\/svg><\/span><\/a><\/div><\/div>\n<\/div><\/div>\n<\/div>\n\n\n\n<div class=\"wp-block-uagb-container uagb-block-981wy4n0\">\n<div class=\"wp-block-uagb-image alignleft uagb-block-zckkz74v wp-block-uagb-image--layout-default wp-block-uagb-image--effect-static wp-block-uagb-image--align-left\"><figure class=\"wp-block-uagb-image__figure\"><img decoding=\"async\" srcset=\"https:\/\/juanlencioni.com\/wp-content\/uploads\/2024\/03\/Imagen-de-WhatsApp-2024-03-19-a-las-01.35.10_459b581b.jpg ,https:\/\/juanlencioni.com\/wp-content\/uploads\/2024\/03\/Imagen-de-WhatsApp-2024-03-19-a-las-01.35.10_459b581b.jpg 780w, https:\/\/juanlencioni.com\/wp-content\/uploads\/2024\/03\/Imagen-de-WhatsApp-2024-03-19-a-las-01.35.10_459b581b.jpg 360w\" sizes=\"auto, (max-width: 480px) 150px\" src=\"https:\/\/juanlencioni.com\/wp-content\/uploads\/2024\/03\/Imagen-de-WhatsApp-2024-03-19-a-las-01.35.10_459b581b.jpg\" alt=\"\" class=\"uag-image-101\" width=\"352\" height=\"260\" title=\"Imagen de WhatsApp 2024-03-19 a las 01.35.10_459b581b\" loading=\"lazy\" role=\"img\"\/><\/figure><\/div>\n\n\n\n<div class=\"wp-block-uagb-info-box uagb-block-vfjoxhfc uagb-infobox__content-wrap  uagb-infobox-icon-above-title uagb-infobox-image-valign-top\"><div class=\"uagb-ifb-content\"><div class=\"uagb-ifb-title-wrap\"><h5 class=\"uagb-ifb-title\">Navegaci\u00f3n a vela<\/h5><\/div><p class=\"uagb-ifb-desc\">Disfruto del contacto con la naturaleza porque nos hace m\u00e1s respetuosos del planeta en el que vivimos. Viajar impulsados por el viento es una de las sensaciones de mayor libertad que he experimentado.<\/p><\/div><\/div>\n\n\n\n<div class=\"wp-block-uagb-buttons uagb-buttons__outer-wrap uagb-btn__default-btn uagb-btn-tablet__default-btn uagb-btn-mobile__default-btn uagb-block-7nrufiit\"><div class=\"uagb-buttons__wrap uagb-buttons-layout-wrap\">\n<div class=\"wp-block-uagb-buttons-child uagb-buttons__outer-wrap uagb-block-wgtp4v8n wp-block-button\"><div class=\"uagb-button__wrapper\"><a class=\"uagb-buttons-repeater wp-block-button__link\" aria-label=\"\" href=\"https:\/\/juanlencioni.com\/index.php\/category\/blog\/navegacion\/\" rel=\"follow noopener\" target=\"_self\"><div class=\"uagb-button__link\">M\u00e1s informaci\u00f3n<\/div><span class=\"uagb-button__icon uagb-button__icon-position-after\"><svg xmlns=\"https:\/\/www.w3.org\/2000\/svg\" viewBox=\"0 0 320 512\" aria-hidden=\"true\" focussable=\"false\"><path d=\"M96 480c-8.188 0-16.38-3.125-22.62-9.375c-12.5-12.5-12.5-32.75 0-45.25L242.8 256L73.38 86.63c-12.5-12.5-12.5-32.75 0-45.25s32.75-12.5 45.25 0l192 192c12.5 12.5 12.5 32.75 0 45.25l-192 192C112.4 476.9 104.2 480 96 480z\"><\/path><\/svg><\/span><\/a><\/div><\/div>\n<\/div><\/div>\n<\/div>\n\n\n\n<div class=\"wp-block-uagb-container uagb-block-s75kcdwj\">\n<div class=\"wp-block-uagb-image alignleft uagb-block-o4b4sk8t wp-block-uagb-image--layout-default wp-block-uagb-image--effect-static wp-block-uagb-image--align-left\"><figure class=\"wp-block-uagb-image__figure\"><img decoding=\"async\" srcset=\"https:\/\/juanlencioni.com\/wp-content\/uploads\/2024\/03\/Imagen-de-WhatsApp-2024-02-21-a-las-10.56.04_17a3b0d1.jpg ,https:\/\/juanlencioni.com\/wp-content\/uploads\/2024\/03\/Imagen-de-WhatsApp-2024-02-21-a-las-10.56.04_17a3b0d1.jpg 780w, https:\/\/juanlencioni.com\/wp-content\/uploads\/2024\/03\/Imagen-de-WhatsApp-2024-02-21-a-las-10.56.04_17a3b0d1.jpg 360w\" sizes=\"auto, (max-width: 480px) 150px\" src=\"https:\/\/juanlencioni.com\/wp-content\/uploads\/2024\/03\/Imagen-de-WhatsApp-2024-02-21-a-las-10.56.04_17a3b0d1.jpg\" alt=\"\" class=\"uag-image-87\" width=\"352\" height=\"260\" title=\"Imagen de WhatsApp 2024-02-21 a las 10.56.04_17a3b0d1\" loading=\"lazy\" role=\"img\"\/><\/figure><\/div>\n\n\n\n<div class=\"wp-block-uagb-info-box uagb-block-hlmedn5i uagb-infobox__content-wrap  uagb-infobox-icon-above-title uagb-infobox-image-valign-top\"><div class=\"uagb-ifb-content\"><div class=\"uagb-ifb-title-wrap\"><h5 class=\"uagb-ifb-title\">Canto l\u00edrico<\/h5><\/div><p class=\"uagb-ifb-desc\">Para m\u00ed la m\u00fasica es una expresi\u00f3n de nuestras emociones y tiene la capacidad de llegar directo a los corazones. Me gusta cantar en coros y tomo clases de canto l\u00edrico. <\/p><\/div><\/div>\n\n\n\n<div class=\"wp-block-uagb-buttons uagb-buttons__outer-wrap uagb-btn__default-btn uagb-btn-tablet__default-btn uagb-btn-mobile__default-btn uagb-block-quzmwdat\"><div class=\"uagb-buttons__wrap uagb-buttons-layout-wrap\">\n<div class=\"wp-block-uagb-buttons-child uagb-buttons__outer-wrap uagb-block-scgibgid wp-block-button\"><div class=\"uagb-button__wrapper\"><a class=\"uagb-buttons-repeater wp-block-button__link\" aria-label=\"\" href=\"https:\/\/juanlencioni.com\/index.php\/category\/blog\/musica\/\" rel=\"follow noopener\" target=\"_self\"><div class=\"uagb-button__link\">M\u00e1s informaci\u00f3n<\/div><span class=\"uagb-button__icon uagb-button__icon-position-after\"><svg xmlns=\"https:\/\/www.w3.org\/2000\/svg\" viewBox=\"0 0 320 512\" aria-hidden=\"true\" focussable=\"false\"><path d=\"M96 480c-8.188 0-16.38-3.125-22.62-9.375c-12.5-12.5-12.5-32.75 0-45.25L242.8 256L73.38 86.63c-12.5-12.5-12.5-32.75 0-45.25s32.75-12.5 45.25 0l192 192c12.5 12.5 12.5 32.75 0 45.25l-192 192C112.4 476.9 104.2 480 96 480z\"><\/path><\/svg><\/span><\/a><\/div><\/div>\n<\/div><\/div>\n<\/div>\n<\/div>\n<\/div><\/div>\n\n\n\n<div class=\"wp-block-uagb-container uagb-block-csmcznrz alignfull uagb-is-root-container\"><div class=\"uagb-container-inner-blocks-wrap\">\n<div class=\"wp-block-uagb-container uagb-block-cjtaivgc\">\n<div class=\"wp-block-uagb-container uagb-block-oaileqmw\">\n<div class=\"wp-block-uagb-info-box uagb-block-pznahkk1 uagb-infobox__content-wrap  uagb-infobox-icon-above-title uagb-infobox-image-valign-top\"><div class=\"uagb-ifb-content\"><div class=\"uagb-ifb-title-wrap\"><h2 class=\"uagb-ifb-title\">Propuesta de valor<\/h2><\/div><\/div><\/div>\n<\/div>\n\n\n\n<div class=\"wp-block-uagb-container uagb-block-uygs3zcs\">\n<div class=\"wp-block-uagb-info-box uagb-block-qqy6prib uagb-infobox__content-wrap  uagb-infobox-icon-above-title uagb-infobox-image-valign-top\"><div class=\"uagb-ifb-content\"><div class=\"uagb-ifb-title-wrap\"><\/div><p class=\"uagb-ifb-desc\">Descubrir nuestros objetivos y tener una propuesta clara nos va a permitir avanzar hacia el futuro que todos so\u00f1amos. Todos los proyectos comenzaron con buenas ideas. <\/p><\/div><\/div>\n<\/div>\n<\/div>\n\n\n\n<div class=\"wp-block-uagb-container uagb-block-k0lvhnpf\">\n<div class=\"wp-block-uagb-container uagb-block-uq6p6fmu\">\n<div class=\"wp-block-uagb-info-box uagb-block-d4peoxdl uagb-infobox__content-wrap  uagb-infobox-icon-above-title uagb-infobox-image-valign-top\"><div class=\"uagb-ifb-content\"><div class=\"uagb-ifb-title-wrap\"><p class=\"uagb-ifb-title-prefix\">01<\/p><h5 class=\"uagb-ifb-title\">An\u00e1lisis de la actualidad<\/h5><\/div><p class=\"uagb-ifb-desc\">Nadie puede arrogarse tener el monopolio de la verdad. Hay tantas interpretaciones v\u00e1lidas de la realidad como personas existen en este mundo. Aprendamos a descubrir y aceptar esa diversidad de pensamientos.<\/p><\/div><\/div>\n<\/div>\n\n\n\n<div class=\"wp-block-uagb-container uagb-block-glz4ra7a\">\n<div class=\"wp-block-uagb-info-box uagb-block-1qhfctn2 uagb-infobox__content-wrap  uagb-infobox-icon-above-title uagb-infobox-image-valign-top\"><div class=\"uagb-ifb-content\"><div class=\"uagb-ifb-title-wrap\"><p class=\"uagb-ifb-title-prefix\">02<\/p><h5 class=\"uagb-ifb-title\">Entrevistas a especialistas<\/h5><\/div><p class=\"uagb-ifb-desc\">Nadamos en un mar de ignorancia. La consulta a los expertos nos da las herramientas para entender una peque\u00f1a parte del mundo complejo en el que vivimos.<\/p><\/div><\/div>\n<\/div>\n\n\n\n<div class=\"wp-block-uagb-container uagb-block-h8deoswt\">\n<div class=\"wp-block-uagb-info-box uagb-block-ewixmhib uagb-infobox__content-wrap  uagb-infobox-icon-above-title uagb-infobox-image-valign-top\"><div class=\"uagb-ifb-content\"><div class=\"uagb-ifb-title-wrap\"><p class=\"uagb-ifb-title-prefix\">03<\/p><h5 class=\"uagb-ifb-title\">Aprendizaje continuo<\/h5><\/div><p class=\"uagb-ifb-desc\">El que deja de aprender pierde la oportunidad de seguir avanzando en un mundo que cambia todos los d\u00edas. El conocimiento es fascinante e inagotable.<\/p><\/div><\/div>\n<\/div>\n<\/div>\n<\/div><\/div>\n\n\n\n<div class=\"wp-block-uagb-container uagb-block-uceuahrm alignfull uagb-is-root-container\"><div class=\"uagb-container-inner-blocks-wrap\">\n<div data-aos= \"slide-left\" data-aos-duration=\"400\" data-aos-delay=\"0\" data-aos-easing=\"ease\" data-aos-once=\"true\" class=\"wp-block-uagb-info-box uagb-block-bxlmks4t uagb-infobox__content-wrap  uagb-infobox-icon-above-title uagb-infobox-image-valign-top\"><div class=\"uagb-ifb-content\"><div class=\"uagb-ifb-title-wrap\"><h6 class=\"uagb-ifb-title-prefix\">Sigamos en contacto<\/h6><h2 class=\"uagb-ifb-title\">\u00bfTrabajemos juntos?<\/h2><\/div><p class=\"uagb-ifb-desc\">Te invito a que construyamos el futuro sobre la base de relaciones s\u00f3lidas y duraderas. Hagamos la diferencia.<\/p><\/div><\/div>\n\n\n\n<div class=\"wp-block-uagb-buttons uagb-buttons__outer-wrap uagb-btn__default-btn uagb-btn-tablet__default-btn uagb-btn-mobile__default-btn uagb-block-mxlz63j9\"><div class=\"uagb-buttons__wrap uagb-buttons-layout-wrap\">\n<div class=\"wp-block-uagb-buttons-child uagb-buttons__outer-wrap uagb-block-nsyuukgt wp-block-button\"><div class=\"uagb-button__wrapper\"><a class=\"uagb-buttons-repeater wp-block-button__link\" aria-label=\"\" href=\"https:\/\/juanlencioni.com\/index.php\/contacto\/\" rel=\"follow noopener\" target=\"_self\"><div class=\"uagb-button__link\">Contacto<\/div><\/a><\/div><\/div>\n<\/div><\/div>\n<\/div><\/div>\n","protected":false},"excerpt":{"rendered":"","protected":false},"author":1,"featured_media":171,"parent":0,"menu_order":0,"comment_status":"closed","ping_status":"closed","template":"","meta":{"_uag_custom_page_level_css":"","_monsterinsights_skip_tracking":false,"_monsterinsights_sitenote_active":false,"_monsterinsights_sitenote_note":"","_monsterinsights_sitenote_category":0,"site-sidebar-layout":"default","site-content-layout":"","ast-site-content-layout":"","site-content-style":"default","site-sidebar-style":"default","ast-global-header-display":"","ast-banner-title-visibility":"","ast-main-header-display":"","ast-hfb-above-header-display":"","ast-hfb-below-header-display":"","ast-hfb-mobile-header-display":"","site-post-title":"","ast-breadcrumbs-content":"","ast-featured-img":"","footer-sml-layout":"","theme-transparent-header-meta":"","adv-header-id-meta":"","stick-header-meta":"","header-above-stick-meta":"","header-main-stick-meta":"","header-below-stick-meta":"","astra-migrate-meta-layouts":"default","ast-page-background-enabled":"default","ast-page-background-meta":{"desktop":{"background-color":"var(--ast-global-color-4)","background-image":"","background-repeat":"repeat","background-position":"center center","background-size":"auto","background-attachment":"scroll","background-type":"","background-media":"","overlay-type":"","overlay-color":"","overlay-gradient":""},"tablet":{"background-color":"","background-image":"","background-repeat":"repeat","background-position":"center center","background-size":"auto","background-attachment":"scroll","background-type":"","background-media":"","overlay-type":"","overlay-color":"","overlay-gradient":""},"mobile":{"background-color":"","background-image":"","background-repeat":"repeat","background-position":"center center","background-size":"auto","background-attachment":"scroll","background-type":"","background-media":"","overlay-type":"","overlay-color":"","overlay-gradient":""}},"ast-content-background-meta":{"desktop":{"background-color":"var(--ast-global-color-5)","background-image":"","background-repeat":"repeat","background-position":"center center","background-size":"auto","background-attachment":"scroll","background-type":"","background-media":"","overlay-type":"","overlay-color":"","overlay-gradient":""},"tablet":{"background-color":"var(--ast-global-color-5)","background-image":"","background-repeat":"repeat","background-position":"center center","background-size":"auto","background-attachment":"scroll","background-type":"","background-media":"","overlay-type":"","overlay-color":"","overlay-gradient":""},"mobile":{"background-color":"var(--ast-global-color-5)","background-image":"","background-repeat":"repeat","background-position":"center center","background-size":"auto","background-attachment":"scroll","background-type":"","background-media":"","overlay-type":"","overlay-color":"","overlay-gradient":""}},"footnotes":""},"class_list":["post-34","page","type-page","status-publish","has-post-thumbnail","hentry"],"aioseo_notices":[],"uagb_featured_image_src":{"full":["https:\/\/juanlencioni.com\/wp-content\/uploads\/2024\/03\/DSCN2726-1.jpg",1189,859,false],"thumbnail":["https:\/\/juanlencioni.com\/wp-content\/uploads\/2024\/03\/DSCN2726-1.jpg",150,108,false],"medium":["https:\/\/juanlencioni.com\/wp-content\/uploads\/2024\/03\/DSCN2726-1.jpg",300,217,false],"medium_large":["https:\/\/juanlencioni.com\/wp-content\/uploads\/2024\/03\/DSCN2726-1.jpg",768,555,false],"large":["https:\/\/juanlencioni.com\/wp-content\/uploads\/2024\/03\/DSCN2726-1.jpg",1024,740,false],"1536x1536":["https:\/\/juanlencioni.com\/wp-content\/uploads\/2024\/03\/DSCN2726-1.jpg",1189,859,false],"2048x2048":["https:\/\/juanlencioni.com\/wp-content\/uploads\/2024\/03\/DSCN2726-1.jpg",1189,859,false]},"uagb_author_info":{"display_name":"juanlencioni.com","author_link":"https:\/\/juanlencioni.com\/index.php\/author\/juanlencioni-com\/"},"uagb_comment_info":0,"uagb_excerpt":null,"_links":{"self":[{"href":"https:\/\/juanlencioni.com\/index.php\/wp-json\/wp\/v2\/pages\/34","targetHints":{"allow":["GET"]}}],"collection":[{"href":"https:\/\/juanlencioni.com\/index.php\/wp-json\/wp\/v2\/pages"}],"about":[{"href":"https:\/\/juanlencioni.com\/index.php\/wp-json\/wp\/v2\/types\/page"}],"author":[{"embeddable":true,"href":"https:\/\/juanlencioni.com\/index.php\/wp-json\/wp\/v2\/users\/1"}],"replies":[{"embeddable":true,"href":"https:\/\/juanlencioni.com\/index.php\/wp-json\/wp\/v2\/comments?post=34"}],"version-history":[{"count":49,"href":"https:\/\/juanlencioni.com\/index.php\/wp-json\/wp\/v2\/pages\/34\/revisions"}],"predecessor-version":[{"id":261,"href":"https:\/\/juanlencioni.com\/index.php\/wp-json\/wp\/v2\/pages\/34\/revisions\/261"}],"wp:featuredmedia":[{"embeddable":true,"href":"https:\/\/juanlencioni.com\/index.php\/wp-json\/wp\/v2\/media\/171"}],"wp:attachment":[{"href":"https:\/\/juanlencioni.com\/index.php\/wp-json\/wp\/v2\/media?parent=34"}],"curies":[{"name":"wp","href":"https:\/\/api.w.org\/{rel}","templated":true}]}}